{"id":1325,"date":"2020-03-10T06:38:53","date_gmt":"2020-03-10T06:38:53","guid":{"rendered":"https:\/\/objektservice-nord.de\/kolofon\/"},"modified":"2022-05-03T05:52:05","modified_gmt":"2022-05-03T05:52:05","slug":"kolofon","status":"publish","type":"page","link":"https:\/\/objektservice-nord.de\/da\/kolofon\/","title":{"rendered":"Kolofon"},"content":{"rendered":"<p>[et_pb_section fb_built=&#8221;1&#8243; use_custom_gutter=&#8221;on&#8221; specialty=&#8221;on&#8221; bg_img_2=&#8221;https:\/\/objektservice-nord.de\/wp-content\/uploads\/start1.jpg&#8221; use_background_color_gradient_2=&#8221;off&#8221; background_color_gradient_overlays_image_2=&#8221;on&#8221; padding_top_1=&#8221;4vw&#8221; padding_right_1=&#8221;4vw&#8221; padding_bottom_1=&#8221;4vw&#8221; padding_left_1=&#8221;8vw&#8221; padding_top_bottom_link_1=&#8221;true&#8221; padding_left_right_link_1=&#8221;false&#8221; padding_1_tablet=&#8221;|10%||10%||true&#8221; padding_1_phone=&#8221;&#8221; padding_1_last_edited=&#8221;on|tablet&#8221; admin_label=&#8221;Header&#8221; _builder_version=&#8221;4.17.3&#8243; inner_width=&#8221;100%&#8221; inner_max_width=&#8221;100%&#8221; custom_padding=&#8221;0|0px|0px|0px|false|false&#8221; hover_enabled=&#8221;0&#8243; use_custom_width=&#8221;on&#8221; width_unit=&#8221;off&#8221; custom_width_percent=&#8221;100%&#8221; collapsed=&#8221;on&#8221; global_colors_info=&#8221;{}&#8221; sticky_enabled=&#8221;0&#8243;][et_pb_column type=&#8221;1_2&#8243; _builder_version=&#8221;4.16&#8243; custom_padding=&#8221;|||&#8221; global_colors_info=&#8221;{}&#8221; padding_tablet=&#8221;|10%||10%||true&#8221; padding_last_edited=&#8221;on|tablet&#8221; custom_padding__hover=&#8221;|||&#8221; padding_phone=&#8221;|10%||10%||true&#8221;][et_pb_image src=&#8221;https:\/\/objektservice-nord.de\/wp-content\/uploads\/Logo_grun_transparenz.png&#8221; disabled_on=&#8221;on|off|off&#8221; module_class=&#8221;start-logo&#8221; _builder_version=&#8221;4.16&#8243; transform_translate=&#8221;2px|-35px&#8221; width=&#8221;60%&#8221; custom_margin=&#8221;||||false|false&#8221; global_colors_info=&#8221;{}&#8221;][\/et_pb_image][et_pb_text _builder_version=&#8221;4.16&#8243; header_font_size_tablet=&#8221;50px&#8221; header_font_size_phone=&#8221;40px&#8221; locked=&#8221;off&#8221; global_colors_info=&#8221;{}&#8221;]<\/p>\n<h1>Kolofon<\/h1>\n<p><strong>Oplysninger i henhold til \u00a7 5 TMG<\/strong><\/p>\n<p>Objektservice Nord GmbH<br \/>\nJ\u00e4gerweg 12<br \/>\n24941 Flensburg<\/p>\n<hr \/>\n<p><strong>Adm. direkt\u00f8r:<\/strong> Jan L\u00fcbke<br \/>\n<strong>Handelsregister:<\/strong> AG Flensburg<br \/>\n<strong>Handelsregisternr.:<\/strong> HRB 9933 FL<br \/>\n<strong>Moms-Nummer<\/strong> DE289109764[\/et_pb_text][\/et_pb_column][et_pb_column type=&#8221;1_2&#8243; specialty_columns=&#8221;2&#8243; _builder_version=&#8221;4.16&#8243; use_background_color_gradient=&#8221;on&#8221; background_color_gradient_stops=&#8221;rgba(29,38,0,0.8) 0%|rgba(29,38,0,0.6) 100%&#8221; background_color_gradient_overlays_image=&#8221;on&#8221; background_color_gradient_start=&#8221;rgba(29,38,0,0.8)&#8221; background_color_gradient_end=&#8221;rgba(29,38,0,0.6)&#8221; custom_padding=&#8221;|||&#8221; global_colors_info=&#8221;{}&#8221; custom_padding__hover=&#8221;|||&#8221;][et_pb_row_inner column_structure=&#8221;1_2,1_2&#8243; use_custom_gutter=&#8221;on&#8221; gutter_width=&#8221;1&#8243; _builder_version=&#8221;4.16&#8243; custom_padding=&#8221;0|0px|0|0px|false|false&#8221; global_colors_info=&#8221;{}&#8221;][et_pb_column_inner type=&#8221;1_2&#8243; saved_specialty_column_type=&#8221;1_2&#8243; _builder_version=&#8221;4.16&#8243; custom_padding=&#8221;|||&#8221; global_colors_info=&#8221;{}&#8221; custom_padding__hover=&#8221;|||&#8221;][\/et_pb_column_inner][et_pb_column_inner type=&#8221;1_2&#8243; saved_specialty_column_type=&#8221;1_2&#8243; _builder_version=&#8221;4.16&#8243; custom_padding=&#8221;|||&#8221; global_colors_info=&#8221;{}&#8221; custom_padding__hover=&#8221;|||&#8221;][et_pb_image src=&#8221;https:\/\/objektservice-nord.de\/wp-content\/uploads\/2019\/11\/gardener-02.png&#8221; force_fullwidth=&#8221;on&#8221; disabled_on=&#8221;on|on|off&#8221; _builder_version=&#8221;4.16&#8243; custom_margin=&#8221;0px|||&#8221; custom_margin_tablet=&#8221;&#8221; custom_margin_phone=&#8221;-80px|||&#8221; custom_margin_last_edited=&#8221;on|tablet&#8221; animation_style=&#8221;fade&#8221; always_center_on_mobile=&#8221;off&#8221; global_colors_info=&#8221;{}&#8221;][\/et_pb_image][\/et_pb_column_inner][\/et_pb_row_inner][et_pb_row_inner column_structure=&#8221;1_2,1_2&#8243; use_custom_gutter=&#8221;on&#8221; gutter_width=&#8221;1&#8243; padding_top_bottom_link_2=&#8221;true&#8221; padding_left_right_link_2=&#8221;true&#8221; _builder_version=&#8221;4.16&#8243; custom_padding=&#8221;0|0px|0|0px|false|false&#8221; animation_style=&#8221;slide&#8221; animation_direction=&#8221;bottom&#8221; animation_intensity_slide=&#8221;2%&#8221; global_colors_info=&#8221;{}&#8221;][et_pb_column_inner type=&#8221;1_2&#8243; saved_specialty_column_type=&#8221;1_2&#8243; _builder_version=&#8221;4.16&#8243; custom_padding=&#8221;|||&#8221; global_colors_info=&#8221;{}&#8221; custom_padding__hover=&#8221;|||&#8221;][\/et_pb_column_inner][et_pb_column_inner type=&#8221;1_2&#8243; saved_specialty_column_type=&#8221;1_2&#8243; module_class=&#8221;start-contact&#8221; _builder_version=&#8221;4.16&#8243; background_color=&#8221;rgba(0,0,0,0.39)&#8221; custom_padding=&#8221;30px|30px|30px|30px&#8221; global_colors_info=&#8221;{}&#8221; custom_padding__hover=&#8221;|||&#8221;][et_pb_text _builder_version=&#8221;4.16&#8243; header_3_text_color=&#8221;#ffffff&#8221; header_3_font_size=&#8221;25px&#8221; header_font_size_tablet=&#8221;50px&#8221; header_font_size_phone=&#8221;40px&#8221; global_colors_info=&#8221;{}&#8221;]<\/p>\n<h3>KOM I KONTAKT<\/h3>\n<p>[\/et_pb_text][et_pb_blurb title=&#8221;+49 461-80 71 88 51&#8243; use_icon=&#8221;on&#8221; font_icon=&#8221;&#xe090;||divi||400&#8243; icon_color=&#8221;#FFFFFF&#8221; icon_placement=&#8221;left&#8221; image_icon_width=&#8221;20px&#8221; _builder_version=&#8221;4.16&#8243; header_font=&#8221;|700||on|||||&#8221; header_text_color=&#8221;#FFFFFF&#8221; header_font_size=&#8221;13px&#8221; header_letter_spacing=&#8221;2px&#8221; header_line_height=&#8221;1.8em&#8221; background_layout=&#8221;dark&#8221; custom_margin=&#8221;20px|||&#8221; animation=&#8221;off&#8221; icon_font_size=&#8221;20px&#8221; global_colors_info=&#8221;{}&#8221;][\/et_pb_blurb][et_pb_blurb title=&#8221;info@objektservice-nord.de&#8221; use_icon=&#8221;on&#8221; font_icon=&#8221;&#xe076;||divi||400&#8243; icon_color=&#8221;#FFFFFF&#8221; icon_placement=&#8221;left&#8221; image_icon_width=&#8221;20px&#8221; _builder_version=&#8221;4.16&#8243; header_font=&#8221;|700||on|||||&#8221; header_text_color=&#8221;#FFFFFF&#8221; header_font_size=&#8221;13px&#8221; header_letter_spacing=&#8221;2px&#8221; header_line_height=&#8221;1.8em&#8221; background_layout=&#8221;dark&#8221; custom_margin=&#8221;20px|||&#8221; animation=&#8221;off&#8221; icon_font_size=&#8221;20px&#8221; global_colors_info=&#8221;{}&#8221;][\/et_pb_blurb][et_pb_blurb title=&#8221;J\u00e4gerweg 12 24941 Flensburg&#8221; use_icon=&#8221;on&#8221; font_icon=&#8221;&#xe081;||divi||400&#8243; icon_color=&#8221;#FFFFFF&#8221; icon_placement=&#8221;left&#8221; image_icon_width=&#8221;20px&#8221; _builder_version=&#8221;4.16&#8243; header_font=&#8221;|700||on|||||&#8221; header_text_color=&#8221;#FFFFFF&#8221; header_font_size=&#8221;13px&#8221; header_letter_spacing=&#8221;2px&#8221; header_line_height=&#8221;1.8em&#8221; background_layout=&#8221;dark&#8221; custom_margin=&#8221;20px|||&#8221; animation=&#8221;off&#8221; icon_font_size=&#8221;20px&#8221; global_colors_info=&#8221;{}&#8221;][\/et_pb_blurb][\/et_pb_column_inner][\/et_pb_row_inner][et_pb_row_inner _builder_version=&#8221;4.16&#8243; global_colors_info=&#8221;{}&#8221;][et_pb_column_inner saved_specialty_column_type=&#8221;1_2&#8243; _builder_version=&#8221;4.16&#8243; global_colors_info=&#8221;{}&#8221;][et_pb_divider show_divider=&#8221;off&#8221; _builder_version=&#8221;4.16&#8243; global_colors_info=&#8221;{}&#8221;][\/et_pb_divider][\/et_pb_column_inner][\/et_pb_row_inner][\/et_pb_column][\/et_pb_section][et_pb_section fb_built=&#8221;1&#8243; _builder_version=&#8221;4.16&#8243; custom_padding=&#8221;0px||3px|||&#8221; global_colors_info=&#8221;{}&#8221;][et_pb_row column_structure=&#8221;3_5,2_5&#8243; _builder_version=&#8221;4.16&#8243; width=&#8221;100%&#8221; max_width=&#8221;80%&#8221; custom_padding=&#8221;2px|||||&#8221; global_colors_info=&#8221;{}&#8221;][et_pb_column type=&#8221;3_5&#8243; _builder_version=&#8221;4.16&#8243; global_colors_info=&#8221;{}&#8221;][et_pb_text _builder_version=&#8221;4.16&#8243; global_colors_info=&#8221;{}&#8221;]<strong> Erhvervs- og erhvervsansvarsforsikring nr. <\/strong> 140 84 345152393 (R + V Allgemeine Versicherung AG)<br \/>\n<strong> Forsikring om retsbeskyttelse nr. <\/strong> 140 84 345152393 (R + V Allgemeine Versicherung AG)<br \/>\n<strong> Medlem af Flensburg handelskammer- og industrikammer nr. <\/strong> 10000366402<br \/>\n<strong> Medlem af h\u00e5ndv\u00e6rkskammeret Flensburgs firmanummer <\/strong> 2110648513<\/p>\n<p><strong> Copyright <\/strong><br \/>\nIndholdet og v\u00e6rkerne p\u00e5 disse sider oprettet af webstedsoperat\u00f8ren er underlagt tysk ophavsret. Duplicering, redigering, distribution og enhver form for brug uden for gr\u00e6nserne for ophavsretten kr\u00e6ver skriftlig tilladelse fra den respektive forfatter eller skaber. Downloads og kopier af denne side er kun tilladt til privat, ikke-kommercielt brug. S\u00e5 vidt indholdet p\u00e5 denne side ikke blev oprettet af operat\u00f8ren, respekteres tredjeparts ophavsret. Is\u00e6r markeres tredjepartsindhold som s\u00e5dan. Hvis du ikke desto mindre bliver opm\u00e6rksom p\u00e5 en kr\u00e6nkelse af ophavsret, skal du fort\u00e6lle os det. S\u00e5 snart vi bliver opm\u00e6rksomme p\u00e5 lovlige kr\u00e6nkelser, fjerner vi s\u00e5dant indhold med det samme.[\/et_pb_text][\/et_pb_column][et_pb_column type=&#8221;2_5&#8243; _builder_version=&#8221;4.16&#8243; global_colors_info=&#8221;{}&#8221;][et_pb_text _builder_version=&#8221;4.17.3&#8243; global_colors_info=&#8221;{}&#8221;]Billedkilde bevis:<br \/>\nwww.stock.adobe.com[\/et_pb_text][\/et_pb_column][\/et_pb_row][\/et_pb_section]<\/p>\n","protected":false},"excerpt":{"rendered":"<p>Kolofon Oplysninger i henhold til \u00a7 5 TMG Objektservice Nord GmbH J\u00e4gerweg 12 24941 Flensburg Adm. direkt\u00f8r: Jan L\u00fcbke Handelsregister: AG Flensburg Handelsregisternr.: HRB 9933 FL Moms-Nummer DE289109764KOM I KONTAKT Erhvervs- og erhvervsansvarsforsikring nr. 140 84 345152393 (R + V Allgemeine Versicherung AG) Forsikring om retsbeskyttelse nr. 140 84 345152393 (R + V Allgemeine Versicherung [&hellip;]<\/p>\n","protected":false},"author":1,"featured_media":0,"parent":0,"menu_order":0,"comment_status":"closed","ping_status":"closed","template":"","meta":{"_et_pb_use_builder":"on","_et_pb_old_content":"","_et_gb_content_width":""},"_links":{"self":[{"href":"https:\/\/objektservice-nord.de\/da\/wp-json\/wp\/v2\/pages\/1325"}],"collection":[{"href":"https:\/\/objektservice-nord.de\/da\/wp-json\/wp\/v2\/pages"}],"about":[{"href":"https:\/\/objektservice-nord.de\/da\/wp-json\/wp\/v2\/types\/page"}],"author":[{"embeddable":true,"href":"https:\/\/objektservice-nord.de\/da\/wp-json\/wp\/v2\/users\/1"}],"replies":[{"embeddable":true,"href":"https:\/\/objektservice-nord.de\/da\/wp-json\/wp\/v2\/comments?post=1325"}],"version-history":[{"count":2,"href":"https:\/\/objektservice-nord.de\/da\/wp-json\/wp\/v2\/pages\/1325\/revisions"}],"predecessor-version":[{"id":2855,"href":"https:\/\/objektservice-nord.de\/da\/wp-json\/wp\/v2\/pages\/1325\/revisions\/2855"}],"wp:attachment":[{"href":"https:\/\/objektservice-nord.de\/da\/wp-json\/wp\/v2\/media?parent=1325"}],"curies":[{"name":"wp","href":"https:\/\/api.w.org\/{rel}","templated":true}]}}