{"id":1334,"date":"2020-03-10T06:55:07","date_gmt":"2020-03-10T06:55:07","guid":{"rendered":"https:\/\/objektservice-nord.de\/agb\/"},"modified":"2022-05-03T05:52:33","modified_gmt":"2022-05-03T05:52:33","slug":"agb","status":"publish","type":"page","link":"https:\/\/objektservice-nord.de\/da\/agb\/","title":{"rendered":"AGB"},"content":{"rendered":"<p>[et_pb_section fb_built=&#8221;1&#8243; use_custom_gutter=&#8221;on&#8221; specialty=&#8221;on&#8221; bg_img_2=&#8221;https:\/\/objektservice-nord.de\/wp-content\/uploads\/start1.jpg&#8221; use_background_color_gradient_2=&#8221;off&#8221; background_color_gradient_overlays_image_2=&#8221;on&#8221; padding_top_1=&#8221;4vw&#8221; padding_right_1=&#8221;4vw&#8221; padding_bottom_1=&#8221;4vw&#8221; padding_left_1=&#8221;8vw&#8221; padding_top_bottom_link_1=&#8221;true&#8221; padding_left_right_link_1=&#8221;false&#8221; padding_1_tablet=&#8221;|10%||10%||true&#8221; padding_1_phone=&#8221;&#8221; padding_1_last_edited=&#8221;on|tablet&#8221; admin_label=&#8221;Header&#8221; _builder_version=&#8221;4.17.3&#8243; inner_width=&#8221;100%&#8221; inner_max_width=&#8221;100%&#8221; custom_padding=&#8221;0|0px|0px|0px|false|false&#8221; hover_enabled=&#8221;0&#8243; use_custom_width=&#8221;on&#8221; width_unit=&#8221;off&#8221; custom_width_percent=&#8221;100%&#8221; global_colors_info=&#8221;{}&#8221; sticky_enabled=&#8221;0&#8243;][et_pb_column type=&#8221;1_2&#8243; _builder_version=&#8221;4.16&#8243; custom_padding=&#8221;|||&#8221; global_colors_info=&#8221;{}&#8221; padding_tablet=&#8221;|10%||10%||true&#8221; padding_last_edited=&#8221;on|tablet&#8221; custom_padding__hover=&#8221;|||&#8221; padding_phone=&#8221;|10%||10%||true&#8221;][et_pb_image src=&#8221;https:\/\/objektservice-nord.de\/wp-content\/uploads\/Logo_grun_transparenz.png&#8221; disabled_on=&#8221;on|off|off&#8221; module_class=&#8221;start-logo&#8221; _builder_version=&#8221;4.16&#8243; transform_translate=&#8221;2px|-35px&#8221; width=&#8221;60%&#8221; custom_margin=&#8221;||||false|false&#8221; global_colors_info=&#8221;{}&#8221;][\/et_pb_image][et_pb_text _builder_version=&#8221;4.16&#8243; header_font_size_tablet=&#8221;50px&#8221; header_font_size_phone=&#8221;40px&#8221; locked=&#8221;off&#8221; global_colors_info=&#8221;{}&#8221;]<\/p>\n<h1>AGB<\/h1>\n<p><strong>Allgemeine Gesch\u00e4ftsbedingungen der Firma Objektservice Nord GmbH, <\/strong><\/p>\n<p>Objektservice Nord GmbH<br \/>\nJ\u00e4gerweg 12<br \/>\n24941 Flensburg<\/p>\n<hr>\n<p><strong>Gesch\u00e4ftsf\u00fchrer:<\/strong> Jan L\u00fcbke[\/et_pb_text][\/et_pb_column][et_pb_column type=&#8221;1_2&#8243; specialty_columns=&#8221;2&#8243; _builder_version=&#8221;4.16&#8243; use_background_color_gradient=&#8221;on&#8221; background_color_gradient_stops=&#8221;rgba(29,38,0,0.8) 0%|rgba(29,38,0,0.6) 100%&#8221; background_color_gradient_overlays_image=&#8221;on&#8221; background_color_gradient_start=&#8221;rgba(29,38,0,0.8)&#8221; background_color_gradient_end=&#8221;rgba(29,38,0,0.6)&#8221; custom_padding=&#8221;|||&#8221; global_colors_info=&#8221;{}&#8221; custom_padding__hover=&#8221;|||&#8221;][et_pb_row_inner column_structure=&#8221;1_2,1_2&#8243; use_custom_gutter=&#8221;on&#8221; gutter_width=&#8221;1&#8243; _builder_version=&#8221;4.16&#8243; custom_padding=&#8221;0|0px|0|0px|false|false&#8221; global_colors_info=&#8221;{}&#8221;][et_pb_column_inner type=&#8221;1_2&#8243; saved_specialty_column_type=&#8221;1_2&#8243; _builder_version=&#8221;4.16&#8243; custom_padding=&#8221;|||&#8221; global_colors_info=&#8221;{}&#8221; custom_padding__hover=&#8221;|||&#8221;][\/et_pb_column_inner][et_pb_column_inner type=&#8221;1_2&#8243; saved_specialty_column_type=&#8221;1_2&#8243; _builder_version=&#8221;4.16&#8243; custom_padding=&#8221;|||&#8221; global_colors_info=&#8221;{}&#8221; custom_padding__hover=&#8221;|||&#8221;][et_pb_image src=&#8221;https:\/\/objektservice-nord.de\/wp-content\/uploads\/2019\/11\/gardener-02.png&#8221; force_fullwidth=&#8221;on&#8221; disabled_on=&#8221;on|on|off&#8221; _builder_version=&#8221;4.16&#8243; custom_margin=&#8221;0px|||&#8221; custom_margin_tablet=&#8221;&#8221; custom_margin_phone=&#8221;-80px|||&#8221; custom_margin_last_edited=&#8221;on|tablet&#8221; animation_style=&#8221;fade&#8221; always_center_on_mobile=&#8221;off&#8221; global_colors_info=&#8221;{}&#8221;][\/et_pb_image][\/et_pb_column_inner][\/et_pb_row_inner][et_pb_row_inner column_structure=&#8221;1_2,1_2&#8243; use_custom_gutter=&#8221;on&#8221; gutter_width=&#8221;1&#8243; padding_top_bottom_link_2=&#8221;true&#8221; padding_left_right_link_2=&#8221;true&#8221; _builder_version=&#8221;4.16&#8243; custom_padding=&#8221;0|0px|0|0px|false|false&#8221; animation_style=&#8221;slide&#8221; animation_direction=&#8221;bottom&#8221; animation_intensity_slide=&#8221;2%&#8221; global_colors_info=&#8221;{}&#8221;][et_pb_column_inner type=&#8221;1_2&#8243; saved_specialty_column_type=&#8221;1_2&#8243; _builder_version=&#8221;4.16&#8243; custom_padding=&#8221;|||&#8221; global_colors_info=&#8221;{}&#8221; custom_padding__hover=&#8221;|||&#8221;][\/et_pb_column_inner][et_pb_column_inner type=&#8221;1_2&#8243; saved_specialty_column_type=&#8221;1_2&#8243; _builder_version=&#8221;4.16&#8243; background_color=&#8221;rgba(0,0,0,0.39)&#8221; custom_padding=&#8221;30px|30px|30px|30px&#8221; global_colors_info=&#8221;{}&#8221; custom_padding__hover=&#8221;|||&#8221;][et_pb_text _builder_version=&#8221;4.16&#8243; header_3_text_color=&#8221;#ffffff&#8221; header_3_font_size=&#8221;25px&#8221; header_font_size_tablet=&#8221;50px&#8221; header_font_size_phone=&#8221;40px&#8221; global_colors_info=&#8221;{}&#8221;]<\/p>\n<h3>KOM I KONTAKT<\/h3>\n<p>[\/et_pb_text][et_pb_blurb title=&#8221;+49 461-80 71 88 51&#8243; use_icon=&#8221;on&#8221; font_icon=&#8221;&#xe090;||divi||400&#8243; icon_color=&#8221;#FFFFFF&#8221; icon_placement=&#8221;left&#8221; image_icon_width=&#8221;20px&#8221; _builder_version=&#8221;4.16&#8243; header_font=&#8221;|700||on|||||&#8221; header_text_color=&#8221;#FFFFFF&#8221; header_font_size=&#8221;13px&#8221; header_letter_spacing=&#8221;2px&#8221; header_line_height=&#8221;1.8em&#8221; background_layout=&#8221;dark&#8221; custom_margin=&#8221;20px|||&#8221; animation=&#8221;off&#8221; icon_font_size=&#8221;20px&#8221; global_colors_info=&#8221;{}&#8221;][\/et_pb_blurb][et_pb_blurb title=&#8221;info@objektservice-nord.de&#8221; use_icon=&#8221;on&#8221; font_icon=&#8221;&#xe076;||divi||400&#8243; icon_color=&#8221;#FFFFFF&#8221; icon_placement=&#8221;left&#8221; image_icon_width=&#8221;20px&#8221; _builder_version=&#8221;4.16&#8243; header_font=&#8221;|700||on|||||&#8221; header_text_color=&#8221;#FFFFFF&#8221; header_font_size=&#8221;13px&#8221; header_letter_spacing=&#8221;2px&#8221; header_line_height=&#8221;1.8em&#8221; background_layout=&#8221;dark&#8221; custom_margin=&#8221;20px|||&#8221; animation=&#8221;off&#8221; icon_font_size=&#8221;20px&#8221; global_colors_info=&#8221;{}&#8221;][\/et_pb_blurb][et_pb_blurb title=&#8221;J\u00e4gerweg 12 24941 Flensburg&#8221; use_icon=&#8221;on&#8221; font_icon=&#8221;&#xe081;||divi||400&#8243; icon_color=&#8221;#FFFFFF&#8221; icon_placement=&#8221;left&#8221; image_icon_width=&#8221;20px&#8221; _builder_version=&#8221;4.16&#8243; header_font=&#8221;|700||on|||||&#8221; header_text_color=&#8221;#FFFFFF&#8221; header_font_size=&#8221;13px&#8221; header_letter_spacing=&#8221;2px&#8221; header_line_height=&#8221;1.8em&#8221; background_layout=&#8221;dark&#8221; custom_margin=&#8221;20px|||&#8221; animation=&#8221;off&#8221; icon_font_size=&#8221;20px&#8221; global_colors_info=&#8221;{}&#8221;][\/et_pb_blurb][\/et_pb_column_inner][\/et_pb_row_inner][et_pb_row_inner _builder_version=&#8221;4.16&#8243; global_colors_info=&#8221;{}&#8221;][et_pb_column_inner saved_specialty_column_type=&#8221;1_2&#8243; _builder_version=&#8221;4.16&#8243; global_colors_info=&#8221;{}&#8221;][et_pb_divider show_divider=&#8221;off&#8221; _builder_version=&#8221;4.16&#8243; global_colors_info=&#8221;{}&#8221;][\/et_pb_divider][\/et_pb_column_inner][\/et_pb_row_inner][\/et_pb_column][\/et_pb_section][et_pb_section fb_built=&#8221;1&#8243; _builder_version=&#8221;4.16&#8243; custom_padding=&#8221;0px||3px|||&#8221; global_colors_info=&#8221;{}&#8221;][et_pb_row _builder_version=&#8221;4.16&#8243; width=&#8221;100%&#8221; max_width=&#8221;80%&#8221; custom_padding=&#8221;2px|||||&#8221; global_colors_info=&#8221;{}&#8221;][et_pb_column type=&#8221;4_4&#8243; _builder_version=&#8221;4.16&#8243; global_colors_info=&#8221;{}&#8221;][et_pb_text _builder_version=&#8221;4.16&#8243; header_2_font_size=&#8221;18px&#8221; global_colors_info=&#8221;{}&#8221;]<\/p>\n<h2>1 Geltungsbereich<\/h2>\n<p>Nachstehende allgemeine Gesch\u00e4ftsbedingungen gelten f\u00fcr alle Rechtsgesch\u00e4fte zwischen der Firma Objektservice Nord GmbH \u2013 nachstehend Dienstleister genannt \u2013 sowie seinem Vertragspartner \u2013 nachstehend Auftraggeber \u2013 genannt.<br \/> Soweit individualvertragliche Regelungen bestehen, welche von den Bestimmungen dieser AGB abweichen oder ihnen widersprechen, gehen die individualvertraglichen Regelungen vor.<\/p>\n<h2>2 Vertragsgegenstand<\/h2>\n<p><strong>2.1<\/strong> Die Vertragsparteien vereinbaren die Zusammenarbeit gem\u00e4\u00df der spezifischen, individualvertraglichen Vereinbarung. Ein Arbeitsvertrag ist von den Parteien nicht gewollt und wird nicht begr\u00fcndet.<\/p>\n<p><strong>2.2<\/strong> F\u00fcr die Abgaben der Sozialversicherung oder steuerliche Belange tr\u00e4gt der Dienstleister selbst Sorge und stellt den Auftraggeber von eventuellen Verpflichtungen frei.<\/p>\n<p><strong>2.3<\/strong> Es steht dem Dienstleister frei, auch f\u00fcr andere Auftraggeber t\u00e4tig zu werden.<\/p>\n<h2>3 Zustandekommen des Vertrages<\/h2>\n<p><strong>3.1<\/strong> Das Vertragsverh\u00e4ltnis f\u00fcr die Dienstleistungen kommt durch Erteilung eines Kundenauftrags durch den Auftraggeber und dessen Annahme durch den Dienstleister zustande.<\/p>\n<p><strong>3.2<\/strong> Der Gegenstand des Vertrages bzw. die genaue Aufgabenbezeichnung ist im schriftlichen Auftrag beschrieben.<\/p>\n<h2>4 Vertragsdauer und K\u00fcndigung<\/h2>\n<p><strong>4.1<\/strong> Der Vertrag beginnt und endet am individuell vereinbarten Zeitpunkt.<\/p>\n<p><strong>4.2<\/strong> Der Vertrag kann ordentlich gek\u00fcndigt werden. Diesbez\u00fcglich wird eine Frist von 4 Wochen zum Monatsende vereinbart.<\/p>\n<p><strong>4.3<\/strong> Eine fristlose K\u00fcndigung aus wichtigem Grunde ist m\u00f6glich. Ein wichtiger Grund liegt beispielsweise vor, wenn der Auftraggeber mit zwei f\u00e4lligen, aufeinander folgenden Zahlungen im Verzug ist und nach Ablauf einer angemessenen Nachfrist nicht leistet oder der Auftraggeber nach Abschluss des Vertrages in Verm\u00f6gensverfall ger\u00e4t (Zahlungsunf\u00e4higkeit, Insolvenz), es sei denn, es wurde bereits ein Antrag auf Er\u00f6ffnung eines Insolvenzverfahrens gestellt.<\/p>\n<h2>5 Leistungsumfang, Pflichten der Vertragspartner<\/h2>\n<p><strong>5.1<\/strong> Die vom Dienstleister zu erbringenden Leistungen umfassen in der Regel die detailliert aufgelisteten Aufgaben, gem\u00e4\u00df dem vom Auftraggeber erteilten Auftrag.<\/p>\n<p><strong>5.2<\/strong> Der Dienstleister wird den Auftraggeber in periodischen Abst\u00e4nden \u00fcber das Ergebnis seiner T\u00e4tigkeit in Kenntnis setzen. Die Vertragspartner k\u00f6nnen im Vertrag einen Zeitplan f\u00fcr die Leistungserbringung und einen geplanten Endtermin f\u00fcr die Beendigung von Dienstleistungen vereinbaren.<\/p>\n<p><strong>5.3<\/strong> Ist dem Dienstleister die vertraglich geschuldete Erbringung eines Auftrags tats\u00e4chlich nicht m\u00f6glich, so hat er den Auftraggeber unverz\u00fcglich dar\u00fcber in Kenntnis zu setzen.<\/p>\n<p><strong>5.4<\/strong> Der Dienstleister stellt die zur Leistungserbringung erforderlichen Ger\u00e4tschaften und das n\u00f6tige Personal, sofern der Auftraggeber nicht \u00fcber entsprechendes Ger\u00e4t oder R\u00e4umlichkeiten verf\u00fcgt, es sein denn individualvertraglich ist etwas anderes vereinbart.<\/p>\n<p>Die Parteien sind bem\u00fcht, nach bestem Wissen und Gewissen den Vertragspartner bei der Erbringung der jeweiligen Verpflichtung durch \u00dcberlassen von Informationen, Ausk\u00fcnften oder Erfahrungen zu unterst\u00fctzen, um einen reibungslosen und effizienten Arbeitsablauf f\u00fcr beide Parteien zu gew\u00e4hrleisten.<\/p>\n<p><strong>5.5<\/strong> Jeder der Vertragspartner kann beim anderen Vertragspartner in schriftlicher Form \u00c4nderungen des vereinbarten Leistungsumfangs beantragen. Nach Erhalt eines \u00c4nderungsantrags wird der Empf\u00e4nger pr\u00fcfen, ob und zu welchen Bedingungen die \u00c4nderung durchf\u00fchrbar ist und dem Antragsteller die Zustimmung bzw. Ablehnung unverz\u00fcglich schriftlich mitteilen und gegebenenfalls begr\u00fcnden. Erfordert ein \u00c4nderungsantrag des Auftraggebers eine umfangreiche \u00dcberpr\u00fcfung, kann der \u00dcberpr\u00fcfungsaufwand hierf\u00fcr vom Dienstleister bei vorheriger Ank\u00fcndigung berechnet werden, sofern der Auftraggeber dennoch auf der \u00dcberpr\u00fcfung des \u00c4nderungsantrages besteht.<\/p>\n<p>Ggf. werden die f\u00fcr eine \u00dcberpr\u00fcfung und\/oder eine \u00c4nderung erforderlichen vertraglichen Anpassungen der vereinbarten Bedingungen und Leistungen werden in einer \u00c4nderungsvereinbarung schriftlich festgelegt und kommen entsprechend diesen allgemeinen Gesch\u00e4ftsbedingungen zustande.<\/p>\n<h2>6 Preise und Zahlungsbedingungen<\/h2>\n<p><strong>6.1<\/strong> Dienstleistungen werden zu dem im individuellen Vertrag aufgef\u00fchrten Festpreis nach Beendigung oder bei Vereinbarung der Verg\u00fctung auf Zeit- und Materialbasis monatlich f\u00e4llig und berechnet, soweit nicht im Vertrag eine andere Rechnungsstellung vereinbart ist.<\/p>\n<p><strong>6.2<\/strong> Angegebene Sch\u00e4tzpreise f\u00fcr Dienstleistungen auf Zeit- und Materialbasis, insbesondere in Kostenvoranschl\u00e4gen sind unverbindlich. Die einer Sch\u00e4tzung zugrunde liegenden Mengenans\u00e4tze beruhen auf einer nach bestem Wissen durchgef\u00fchrten Bewertung des Leistungsumfangs.<\/p>\n<p><strong>6.3<\/strong> Die Umsatzsteuer wird mit dem zur Zeit der Leistung geltenden Umsatzsteuersatz in Rechnung gestellt.<\/p>\n<p><strong>6.4<\/strong> Rechnungen sind bei Erhalt ohne Abzug zahlbar. Ist der Rechnungsbetrag nicht innerhalb von 14 Tagen nach dem Rechnungsdatum eingegangen, ist der Dienstleister berechtigt Verzugszinsen geltend zu machen. Die Verzugszinsen betragen 5 % p.a. \u00fcber dem zur Zeit der Berechnung geltenden Basiszinssatz.<\/p>\n<h2>7Haftung<\/h2>\n<p><strong>7.1<\/strong> Der Dienstleister haftet in F\u00e4llen des Vorsatzes oder der groben Fahrl\u00e4ssigkeit nach den gesetzlichen Bestimmungen. Die Haftung f\u00fcr Garantien erfolgt verschuldensunabh\u00e4ngig. F\u00fcr leichte Fahrl\u00e4ssigkeit haftet der Dienstleister ausschlie\u00dflich nach den Vorschriften des Produkthaftungsgesetzes, wegen der Verletzung des Lebens, des K\u00f6rpers oder der Gesundheit oder wegen der Verletzung wesentlicher Vertragspflichten. Der Schadensersatzanspruch f\u00fcr die leicht fahrl\u00e4ssige Verletzung wesentlicher Vertragspflichten ist jedoch auf den vertragstypischen, vorhersehbaren Schaden begrenzt, soweit nicht wegen der Verletzung des Lebens, des K\u00f6rpers oder der Gesundheit gehaftet wird. F\u00fcr das Verschulden von Erf\u00fcllungsgehilfen und Vertretern haftet der Dienstleister in demselben Umfang.<\/p>\n<p><strong>7.2<\/strong> Die Regelung des vorstehenden Absatzes (7.1) erstreckt sich auf Schadensersatz neben der Leistung, den Schadensersatz statt der Leistung und den Ersatzanspruch wegen vergeblicher Aufwendungen, gleich aus welchem Rechtsgrund, einschlie\u00dflich der Haftung wegen M\u00e4ngeln, Verzugs oder Unm\u00f6glichkeit.<\/p>\n<h2>8 Gerichtsstand<\/h2>\n<p>F\u00fcr die Gesch\u00e4ftsverbindung zwischen den Parteien gilt ausschlie\u00dflich deutsches Recht. Hat der Auftraggeber keinen allgemeinen Gerichtsstand in Deutschland oder in einem anderen EU-Mitgliedstaat, ist ausschlie\u00dflich Gerichtsstand f\u00fcr s\u00e4mtliche Streitigkeiten aus diesem Vertrag unser Gesch\u00e4ftssitz.<\/p>\n<p><em>Stand: April 2016<\/em><\/p>\n<p>[\/et_pb_text][\/et_pb_column][\/et_pb_row][\/et_pb_section]<\/p>\n","protected":false},"excerpt":{"rendered":"<p>AGB Allgemeine Gesch\u00e4ftsbedingungen der Firma Objektservice Nord GmbH, Objektservice Nord GmbH J\u00e4gerweg 12 24941 Flensburg Gesch\u00e4ftsf\u00fchrer: Jan L\u00fcbkeKOM I KONTAKT1 Geltungsbereich Nachstehende allgemeine Gesch\u00e4ftsbedingungen gelten f\u00fcr alle Rechtsgesch\u00e4fte zwischen der Firma Objektservice Nord GmbH \u2013 nachstehend Dienstleister genannt \u2013 sowie seinem Vertragspartner \u2013 nachstehend Auftraggeber \u2013 genannt. Soweit individualvertragliche Regelungen bestehen, welche von den Bestimmungen [&hellip;]<\/p>\n","protected":false},"author":1,"featured_media":0,"parent":0,"menu_order":0,"comment_status":"closed","ping_status":"closed","template":"","meta":{"_et_pb_use_builder":"on","_et_pb_old_content":"","_et_gb_content_width":""},"_links":{"self":[{"href":"https:\/\/objektservice-nord.de\/da\/wp-json\/wp\/v2\/pages\/1334"}],"collection":[{"href":"https:\/\/objektservice-nord.de\/da\/wp-json\/wp\/v2\/pages"}],"about":[{"href":"https:\/\/objektservice-nord.de\/da\/wp-json\/wp\/v2\/types\/page"}],"author":[{"embeddable":true,"href":"https:\/\/objektservice-nord.de\/da\/wp-json\/wp\/v2\/users\/1"}],"replies":[{"embeddable":true,"href":"https:\/\/objektservice-nord.de\/da\/wp-json\/wp\/v2\/comments?post=1334"}],"version-history":[{"count":1,"href":"https:\/\/objektservice-nord.de\/da\/wp-json\/wp\/v2\/pages\/1334\/revisions"}],"predecessor-version":[{"id":2856,"href":"https:\/\/objektservice-nord.de\/da\/wp-json\/wp\/v2\/pages\/1334\/revisions\/2856"}],"wp:attachment":[{"href":"https:\/\/objektservice-nord.de\/da\/wp-json\/wp\/v2\/media?parent=1334"}],"curies":[{"name":"wp","href":"https:\/\/api.w.org\/{rel}","templated":true}]}}