{"id":1355,"date":"2020-03-10T09:23:09","date_gmt":"2020-03-10T09:23:09","guid":{"rendered":"https:\/\/objektservice-nord.de\/udvendig-rengoering\/"},"modified":"2020-04-23T20:36:48","modified_gmt":"2020-04-23T20:36:48","slug":"udvendig-rengoering","status":"publish","type":"page","link":"https:\/\/objektservice-nord.de\/da\/udvendig-rengoering\/","title":{"rendered":"Udvendig Reng\u00f8ring"},"content":{"rendered":"<p>[et_pb_section fb_built=&#8221;1&#8243; use_custom_gutter=&#8221;on&#8221; specialty=&#8221;on&#8221; bg_img_2=&#8221;https:\/\/objektservice-nord.de\/wp-content\/uploads\/Aussenreinigung.jpg&#8221; padding_top_bottom_link_1=&#8221;true&#8221; padding_left_right_link_1=&#8221;false&#8221; use_background_color_gradient_2=&#8221;off&#8221; background_color_gradient_start_2=&#8221;rgba(0,0,0,0)&#8221; background_color_gradient_end_2=&#8221;rgba(29,38,0,0.6)&#8221; background_color_gradient_overlays_image_2=&#8221;on&#8221; padding_top_1=&#8221;4vw&#8221; padding_right_1=&#8221;4vw&#8221; padding_bottom_1=&#8221;4vw&#8221; padding_left_1=&#8221;8vw&#8221; padding_1_tablet=&#8221;|10%||10%||true&#8221; padding_1_phone=&#8221;&#8221; padding_1_last_edited=&#8221;on|tablet&#8221; admin_label=&#8221;Header&#8221; _builder_version=&#8221;4.2.1&#8243; inner_width=&#8221;100%&#8221; inner_max_width=&#8221;100%&#8221; custom_padding=&#8221;0|0px|0px|0px|false|false&#8221; use_custom_width=&#8221;on&#8221; width_unit=&#8221;off&#8221; custom_width_percent=&#8221;100%&#8221;][et_pb_column type=&#8221;1_2&#8243; _builder_version=&#8221;3.25&#8243; custom_padding=&#8221;|||&#8221; padding_tablet=&#8221;|10%||10%||true&#8221; padding_last_edited=&#8221;on|tablet&#8221; custom_padding__hover=&#8221;|||&#8221;][et_pb_image src=&#8221;https:\/\/objektservice-nord.de\/wp-content\/uploads\/Logo_grun_transparenz.png&#8221; disabled_on=&#8221;on|off|off&#8221; module_class=&#8221;start-logo&#8221; _builder_version=&#8221;4.2.1&#8243; transform_translate=&#8221;2px|-35px&#8221; width=&#8221;60%&#8221; custom_margin=&#8221;||||false|false&#8221;][\/et_pb_image][et_pb_text _builder_version=&#8221;4.3.2&#8243; text_font_size_phone=&#8221;14px&#8221; header_font_size_tablet=&#8221;50px&#8221; header_font_size_phone=&#8221;24px&#8221; locked=&#8221;off&#8221;]<\/p>\n<h1>UDVENDIG RENG\u00d8RING<\/h1>\n<p>\nVi tager os af reng\u00f8ring og vedligeholdelse af dine udend\u00f8rsfaciliteter som en del af individuelle aftaler eller langsigtede kontrakter. Uanset om der er tale om indk\u00f8rsler, offentlige rum, gangstier, haver eller bygningsv\u00e6gge \u2013 vi er din erfarne partner til alt reng\u00f8ringsarbejde udend\u00f8rs.<\/p>\n<p>Vores ydelser inden for ekstern reng\u00f8ring inkluderer ogs\u00e5 regelm\u00e6ssig kontrol og reng\u00f8ring af r\u00f8r, tagrender, nedl\u00f8b og afl\u00f8b efter behov. Med vores engagement sikrer vi, at det udend\u00f8rs omr\u00e5de af din ejendom altid er optimalt vedligeholdt og indbydende.\n<\/p>\n<p>[\/et_pb_text][\/et_pb_column][et_pb_column type=&#8221;1_2&#8243; specialty_columns=&#8221;2&#8243; _builder_version=&#8221;3.25&#8243; use_background_color_gradient=&#8221;on&#8221; background_color_gradient_start=&#8221;rgba(29,38,0,0.8)&#8221; background_color_gradient_end=&#8221;rgba(29,38,0,0.6)&#8221; background_color_gradient_overlays_image=&#8221;on&#8221; custom_padding=&#8221;|||&#8221; custom_padding__hover=&#8221;|||&#8221;][et_pb_row_inner column_structure=&#8221;1_2,1_2&#8243; use_custom_gutter=&#8221;on&#8221; gutter_width=&#8221;1&#8243; _builder_version=&#8221;4.0.9&#8243; min_height=&#8221;650px&#8221; custom_padding=&#8221;0|0px|0|0px|false|false&#8221;][et_pb_column_inner type=&#8221;1_2&#8243; saved_specialty_column_type=&#8221;1_2&#8243; _builder_version=&#8221;3.25&#8243; custom_padding=&#8221;|||&#8221; custom_padding__hover=&#8221;|||&#8221;][\/et_pb_column_inner][et_pb_column_inner type=&#8221;1_2&#8243; saved_specialty_column_type=&#8221;1_2&#8243; _builder_version=&#8221;3.25&#8243; custom_padding=&#8221;|||&#8221; custom_padding__hover=&#8221;|||&#8221;][et_pb_image src=&#8221;https:\/\/objektservice-nord.de\/wp-content\/uploads\/2019\/11\/gardener-02.png&#8221; force_fullwidth=&#8221;on&#8221; disabled_on=&#8221;on|on|off&#8221; _builder_version=&#8221;3.23&#8243; custom_margin=&#8221;0px|||&#8221; custom_margin_tablet=&#8221;&#8221; custom_margin_phone=&#8221;-80px|||&#8221; custom_margin_last_edited=&#8221;on|tablet&#8221; animation_style=&#8221;fade&#8221; always_center_on_mobile=&#8221;off&#8221;][\/et_pb_image][\/et_pb_column_inner][\/et_pb_row_inner][\/et_pb_column][\/et_pb_section][et_pb_section fb_built=&#8221;1&#8243; _builder_version=&#8221;4.0.9&#8243;][et_pb_row _builder_version=&#8221;4.0.9&#8243; custom_padding=&#8221;3px||2px|||&#8221;][et_pb_column type=&#8221;4_4&#8243; _builder_version=&#8221;4.0.9&#8243;][et_pb_text _builder_version=&#8221;4.0.9&#8243;]<\/p>\n<h3>Omfang af ydelser indenfor udvendig reg\u00f8ring<\/h3>\n<p>[\/et_pb_text][\/et_pb_column][\/et_pb_row][et_pb_row column_structure=&#8221;1_2,1_2&#8243; _builder_version=&#8221;4.0.9&#8243; module_alignment=&#8221;center&#8221; custom_padding=&#8221;6px|||||&#8221;][et_pb_column type=&#8221;1_2&#8243; _builder_version=&#8221;4.0.9&#8243;][et_pb_text _builder_version=&#8221;4.4.3&#8243; hover_enabled=&#8221;0&#8243; text_font_size_phone=&#8221;14px&#8221; header_font_size_tablet=&#8221;50px&#8221; header_font_size_phone=&#8221;40px&#8221; ul_type=&#8221;none&#8221; ul_line_height=&#8221;2em&#8221;]<\/p>\n<ul>\n<li><i class=\"fas fa-check-square green\"><\/i> Fjernelse af snavs fra vandindl\u00f8b og -afl\u00f8b\/t\u00f8mning af slamspande<\/li>\n<li><i class=\"fas fa-check-square green\"><\/i> Indsamling af papir og andet affald p\u00e5 alle udvendige overflader<\/li>\n<li><i class=\"fas fa-check-square green\"><\/i> Fjernelse af ukrudt p\u00e5 alle gr\u00e5 flader<\/li>\n<li><i class=\"fas fa-check-square green\"><\/i> Reng\u00f8ring af indgange til huset, indk\u00f8rsler, parkeringspladser, g\u00e5rdhaveomr\u00e5der og stier<\/li>\n<li><i class=\"fas fa-check-square green\"><\/i> Rensning af offentlige veje og fortove<\/li>\n<li><i class=\"fas fa-check-square green\"><\/i> Reng\u00f8ring af fodriste p\u00e5 indgangsd\u00f8re<\/li>\n<li><i class=\"fas fa-check-square green\"><\/i> Eftersyn og rensning af k\u00e6ldervinduer\/k\u00e6lderskakte<\/li>\n<\/ul>\n<p>[\/et_pb_text][\/et_pb_column][et_pb_column type=&#8221;1_2&#8243; _builder_version=&#8221;4.0.9&#8243;][et_pb_text _builder_version=&#8221;4.4.3&#8243; hover_enabled=&#8221;0&#8243; text_font_size_phone=&#8221;14px&#8221; header_font_size_tablet=&#8221;50px&#8221; header_font_size_phone=&#8221;40px&#8221; ul_type=&#8221;none&#8221; ul_line_height=&#8221;2em&#8221;]<\/p>\n<ul>\n<li><i class=\"fas fa-check-square green\"><\/i> Fejning og renhold af affaldsskure<\/li>\n<li><i class=\"fas fa-check-square green\"><\/i> Reng\u00f8ring af terrasser<\/li>\n<li><i class=\"fas fa-check-square green\"><\/i> Vedligeholdelse af legepladser<\/li>\n<li><i class=\"fas fa-check-square green\"><\/i> Fjernelse af graffiti<\/li>\n<li><i class=\"fas fa-check-square green\"><\/i> Reng\u00f8ring af flade tag og tagrender<\/li>\n<li><i class=\"fas fa-check-square green\"><\/i> Reng\u00f8ring af facader<\/li>\n<\/ul>\n<p>[\/et_pb_text][\/et_pb_column][\/et_pb_row][\/et_pb_section][et_pb_section fb_built=&#8221;1&#8243; disabled_on=&#8221;off|off|off&#8221; admin_label=&#8221;Quote&#8221; _builder_version=&#8221;4.4.1&#8243; use_background_color_gradient=&#8221;on&#8221; background_color_gradient_start=&#8221;rgba(0,0,0,0.78)&#8221; background_color_gradient_end=&#8221;rgba(0,0,0,0.17)&#8221; background_color_gradient_overlays_image=&#8221;on&#8221; background_image=&#8221;https:\/\/objektservice-nord.de\/wp-content\/uploads\/kontakt_bg1.jpg&#8221; custom_padding=&#8221;54px||0||false|false&#8221; global_module=&#8221;1190&#8243;][et_pb_row column_structure=&#8221;1_3,2_3&#8243; padding_top_bottom_link_2=&#8221;true&#8221; padding_left_right_link_2=&#8221;true&#8221; _builder_version=&#8221;4.3.2&#8243; custom_padding=&#8221;||0px|&#8221; animation_style=&#8221;fold&#8221; animation_direction=&#8221;bottom&#8221; animation_intensity_fold=&#8221;20%&#8221;][et_pb_column type=&#8221;1_3&#8243; _builder_version=&#8221;3.25&#8243; custom_padding=&#8221;|||&#8221; custom_padding__hover=&#8221;|||&#8221;][et_pb_text _builder_version=&#8221;4.0.9&#8243; text_text_color=&#8221;#ffffff&#8221; header_font_size=&#8221;46px&#8221; header_2_text_color=&#8221;#ffffff&#8221; width=&#8221;99.2%&#8221;]<\/p>\n<h2> KONTAKT <\/h2>\n<p> Fort\u00e6l os, hvad vi kan g\u00f8re for dig! En kort anmodning er nok &#8211; og vi er der for dig. Bare send os en besked eller brug en af de andre kontaktmuligheder, som du kan finde p\u00e5 vores kontaktside. <\/p>\n<p>[\/et_pb_text][et_pb_button button_url=&#8221;@ET-DC@eyJkeW5hbWljIjp0cnVlLCJjb250ZW50IjoicG9zdF9saW5rX3VybF9wYWdlIiwic2V0dGluZ3MiOnsicG9zdF9pZCI6IjczIn19@&#8221; button_text=&#8221;KONTAKT&#8221; button_alignment=&#8221;center&#8221; _builder_version=&#8221;4.3.2&#8243; _dynamic_attributes=&#8221;button_url&#8221; button_text_size=&#8221;16px&#8221; button_bg_color=&#8221;rgba(0,0,0,0.5)&#8221; button_text_size__hover_enabled=&#8221;off&#8221; button_text_color__hover_enabled=&#8221;off&#8221; button_bg_color__hover_enabled=&#8221;off&#8221; button_border_width__hover_enabled=&#8221;off&#8221; button_border_color__hover_enabled=&#8221;off&#8221; button_border_radius__hover_enabled=&#8221;off&#8221; button_letter_spacing__hover_enabled=&#8221;off&#8221;][\/et_pb_button][\/et_pb_column][et_pb_column type=&#8221;2_3&#8243; disabled_on=&#8221;on|off|off&#8221; _builder_version=&#8221;4.3.2&#8243; background_color=&#8221;#8db700&#8243; transform_scale_tablet=&#8221;&#8221; transform_scale_phone=&#8221;&#8221; transform_scale_last_edited=&#8221;on|desktop&#8221; transform_translate=&#8221;0px|50px&#8221; transform_translate_tablet=&#8221;&#8221; transform_translate_phone=&#8221;0px|-20px&#8221; transform_translate_last_edited=&#8221;on|phone&#8221; transform_translate_linked=&#8221;off&#8221; transform_rotate_tablet=&#8221;&#8221; transform_rotate_phone=&#8221;&#8221; transform_rotate_last_edited=&#8221;on|desktop&#8221; transform_skew_tablet=&#8221;&#8221; transform_skew_phone=&#8221;&#8221; transform_skew_last_edited=&#8221;on|desktop&#8221; transform_origin_tablet=&#8221;&#8221; transform_origin_phone=&#8221;&#8221; transform_origin_last_edited=&#8221;on|desktop&#8221; transform_styles_last_edited=&#8221;on|phone&#8221; custom_padding=&#8221;40px|40px|40px|40px&#8221; custom_padding_tablet=&#8221;&#8221; custom_padding_phone=&#8221;30px|25px|35px|25px|false|false&#8221; custom_padding_last_edited=&#8221;on|phone&#8221; transform_styles_tablet=&#8221;&#8221; transform_styles_phone=&#8221;&#8221; custom_padding__hover=&#8221;|||&#8221;][et_pb_contact_form captcha=&#8221;off&#8221; email=&#8221;info@objektservice-nord.de&#8221; title=&#8221;Hvad kan vi g\u00f8re for dig?&#8221; custom_message=&#8221;%%Email%%||et_pb_line_break_holder||%%Name%%||et_pb_line_break_holder||%%Message%%||et_pb_line_break_holder||&#8221; success_message=&#8221;Mange tak for din besked!  Vi vil vende tilbage s\u00e5 hurtigt som muligt.&#8221; submit_button_text=&#8221;Indsend&#8221; disabled_on=&#8221;on|off|off&#8221; module_id=&#8221;et_pb_contact_form_1&#8243; _builder_version=&#8221;4.3.2&#8243; form_field_background_color=&#8221;rgba(255,255,255,0.5)&#8221; form_field_text_color=&#8221;#ffffff&#8221; form_field_focus_background_color=&#8221;#ffffff&#8221; form_field_focus_text_color=&#8221;#000000&#8243; title_level=&#8221;h2&#8243; title_font=&#8221;Oswald|500|||||||&#8221; title_text_color=&#8221;#ffffff&#8221; title_font_size=&#8221;46px&#8221; title_line_height=&#8221;1.4em&#8221; captcha_text_color=&#8221;#ffffff&#8221; form_field_font=&#8221;||||||||&#8221; form_field_font_size=&#8221;15px&#8221; form_field_line_height=&#8221;1.9em&#8221; background_color=&#8221;#8db700&#8243; custom_button=&#8221;on&#8221; button_text_size=&#8221;16px&#8221; button_text_color=&#8221;#ffffff&#8221; button_bg_color=&#8221;rgba(0,0,0,0.5)&#8221; button_border_width=&#8221;0px&#8221; button_border_color=&#8221;rgba(0,0,0,0)&#8221; button_border_radius=&#8221;0px&#8221; button_letter_spacing=&#8221;3px&#8221; button_font=&#8221;|700||on|||||&#8221; button_icon=&#8221;%%3%%&#8221; button_icon_color=&#8221;#ffffff&#8221; button_custom_padding=&#8221;16px|40px|16px|40px|false|false&#8221; max_width_last_edited=&#8221;off|desktop&#8221; title_font_size_tablet=&#8221;46px&#8221; title_font_size_phone=&#8221;36px&#8221; title_font_size_last_edited=&#8221;on|phone&#8221; form_field_font_size_phone=&#8221;15px&#8221; form_field_font_size_last_edited=&#8221;off|desktop&#8221; border_color_all=&#8221;#8db700&#8243; form_background_color=&#8221;rgba(255,255,255,0.12)&#8221; locked=&#8221;off&#8221; button_bg_color_hover=&#8221;rgba(193,62,51,0.9)&#8221; button_border_radius_hover=&#8221;0px&#8221; button_letter_spacing_hover=&#8221;3px&#8221;][et_pb_contact_field field_id=&#8221;Email&#8221; field_title=&#8221;E-Mail Adresse *&#8221; field_type=&#8221;email&#8221; fullwidth_field=&#8221;on&#8221; _builder_version=&#8221;4.0.7&#8243; custom_padding=&#8221;|||&#8221; button_text_size__hover_enabled=&#8221;off&#8221; button_one_text_size__hover_enabled=&#8221;off&#8221; button_two_text_size__hover_enabled=&#8221;off&#8221; button_text_color__hover_enabled=&#8221;off&#8221; button_one_text_color__hover_enabled=&#8221;off&#8221; button_two_text_color__hover_enabled=&#8221;off&#8221; button_border_width__hover_enabled=&#8221;off&#8221; button_one_border_width__hover_enabled=&#8221;off&#8221; button_two_border_width__hover_enabled=&#8221;off&#8221; button_border_color__hover_enabled=&#8221;off&#8221; button_one_border_color__hover_enabled=&#8221;off&#8221; button_two_border_color__hover_enabled=&#8221;off&#8221; button_border_radius__hover_enabled=&#8221;off&#8221; button_one_border_radius__hover_enabled=&#8221;off&#8221; button_two_border_radius__hover_enabled=&#8221;off&#8221; button_letter_spacing__hover_enabled=&#8221;off&#8221; button_one_letter_spacing__hover_enabled=&#8221;off&#8221; button_two_letter_spacing__hover_enabled=&#8221;off&#8221; button_bg_color__hover_enabled=&#8221;off&#8221; button_one_bg_color__hover_enabled=&#8221;off&#8221; button_two_bg_color__hover_enabled=&#8221;off&#8221;][\/et_pb_contact_field][et_pb_contact_field field_id=&#8221;Name&#8221; field_title=&#8221;Navn og Fornavn *&#8221; fullwidth_field=&#8221;on&#8221; _builder_version=&#8221;4.0.7&#8243; form_field_font=&#8221;||||||||&#8221; form_field_font_size=&#8221;14px&#8221; button_text_size__hover_enabled=&#8221;off&#8221; button_one_text_size__hover_enabled=&#8221;off&#8221; button_two_text_size__hover_enabled=&#8221;off&#8221; button_text_color__hover_enabled=&#8221;off&#8221; button_one_text_color__hover_enabled=&#8221;off&#8221; button_two_text_color__hover_enabled=&#8221;off&#8221; button_border_width__hover_enabled=&#8221;off&#8221; button_one_border_width__hover_enabled=&#8221;off&#8221; button_two_border_width__hover_enabled=&#8221;off&#8221; button_border_color__hover_enabled=&#8221;off&#8221; button_one_border_color__hover_enabled=&#8221;off&#8221; button_two_border_color__hover_enabled=&#8221;off&#8221; button_border_radius__hover_enabled=&#8221;off&#8221; button_one_border_radius__hover_enabled=&#8221;off&#8221; button_two_border_radius__hover_enabled=&#8221;off&#8221; button_letter_spacing__hover_enabled=&#8221;off&#8221; button_one_letter_spacing__hover_enabled=&#8221;off&#8221; button_two_letter_spacing__hover_enabled=&#8221;off&#8221; button_bg_color__hover_enabled=&#8221;off&#8221; button_one_bg_color__hover_enabled=&#8221;off&#8221; button_two_bg_color__hover_enabled=&#8221;off&#8221;][\/et_pb_contact_field][et_pb_contact_field field_id=&#8221;Message&#8221; field_title=&#8221;Besked&#8221; field_type=&#8221;text&#8221; fullwidth_field=&#8221;on&#8221; _builder_version=&#8221;4.0.7&#8243; button_text_size__hover_enabled=&#8221;off&#8221; button_one_text_size__hover_enabled=&#8221;off&#8221; button_two_text_size__hover_enabled=&#8221;off&#8221; button_text_color__hover_enabled=&#8221;off&#8221; button_one_text_color__hover_enabled=&#8221;off&#8221; button_two_text_color__hover_enabled=&#8221;off&#8221; button_border_width__hover_enabled=&#8221;off&#8221; button_one_border_width__hover_enabled=&#8221;off&#8221; button_two_border_width__hover_enabled=&#8221;off&#8221; button_border_color__hover_enabled=&#8221;off&#8221; button_one_border_color__hover_enabled=&#8221;off&#8221; button_two_border_color__hover_enabled=&#8221;off&#8221; button_border_radius__hover_enabled=&#8221;off&#8221; button_one_border_radius__hover_enabled=&#8221;off&#8221; button_two_border_radius__hover_enabled=&#8221;off&#8221; button_letter_spacing__hover_enabled=&#8221;off&#8221; button_one_letter_spacing__hover_enabled=&#8221;off&#8221; button_two_letter_spacing__hover_enabled=&#8221;off&#8221; button_bg_color__hover_enabled=&#8221;off&#8221; button_one_bg_color__hover_enabled=&#8221;off&#8221; button_two_bg_color__hover_enabled=&#8221;off&#8221;][\/et_pb_contact_field][et_pb_contact_field field_id=&#8221;Datenschutz&#8221; field_title=&#8221;Databeskyttelse&#8221; field_type=&#8221;checkbox&#8221; checkbox_options=&#8221;%91{%22value%22:%22Jeg har l\u00e6st fortrolighedspolitikken. Jeg accepterer elektronisk opbevaring og behandling af mine indtastede data for at besvare min anmodning.%22,%22checked%22:0,%22dragID%22:-1}%93&#8243; fullwidth_field=&#8221;on&#8221; _builder_version=&#8221;4.2.1&#8243; form_field_background_color=&#8221;rgba(255,255,255,0.48)&#8221; form_field_text_color=&#8221;#ffffff&#8221; form_field_focus_background_color=&#8221;rgba(0,0,0,0)&#8221; form_field_focus_text_color=&#8221;#ffffff&#8221; text_orientation=&#8221;left&#8221;][\/et_pb_contact_field][\/et_pb_contact_form][\/et_pb_column][\/et_pb_row][\/et_pb_section][et_pb_section fb_built=&#8221;1&#8243; _builder_version=&#8221;3.0.47&#8243; global_module=&#8221;1194&#8243;][et_pb_row column_structure=&#8221;1_2,1_2&#8243; _builder_version=&#8221;4.3.2&#8243; background_color_gradient_direction=&#8221;40deg&#8221; width=&#8221;60%&#8221; custom_padding=&#8221;64px|30px|6px|30px|false|true&#8221;][et_pb_column type=&#8221;1_2&#8243; _builder_version=&#8221;4.0.7&#8243;][et_pb_text _builder_version=&#8221;4.4.1&#8243; header_3_font_size=&#8221;30px&#8221; text_font_size_phone=&#8221;14px&#8221; header_font_size_phone=&#8221;24px&#8221; header_3_font_size_tablet=&#8221;25px&#8221; header_3_font_size_phone=&#8221;16px&#8221; header_3_font_size_last_edited=&#8221;on|desktop&#8221;]<\/p>\n<h3> OVERSIGT OVER YDELSER <\/h3>\n<p> I vores serviceoversigt finder du alle oplysninger om hele vores serviceportef\u00f8lje. Download serviceoversigten som en PDF, og l\u00e6r mere om vores virksomhed og vores tjenester. <\/ P>[\/et_pb_text][et_pb_button button_url=&#8221;https:\/\/objektservice-nord.de\/downloads\/OSN_Leistungsuebersicht2020_web.pdf&#8221; url_new_window=&#8221;on&#8221; button_text=&#8221;Download&#8221; _builder_version=&#8221;4.4.0&#8243;][\/et_pb_button][\/et_pb_column][et_pb_column type=&#8221;1_2&#8243; _builder_version=&#8221;4.0.7&#8243;][et_pb_image src=&#8221;https:\/\/objektservice-nord.de\/wp-content\/uploads\/OSN_Leistungsu\u0308bersicht-img.png&#8221; alt=&#8221;Objektservice Nord Leistungs\u00fcbersicht Katalog&#8221; url=&#8221;https:\/\/objektservice-nord.de\/downloads\/OSN_Leistungsuebersicht2020_web.pdf&#8221; url_new_window=&#8221;on&#8221; _builder_version=&#8221;4.4.1&#8243; transform_scale_tablet=&#8221;&#8221; transform_scale_phone=&#8221;&#8221; transform_scale_last_edited=&#8221;on|desktop&#8221; transform_translate=&#8221;-28px|40px&#8221; transform_translate_tablet=&#8221;&#8221; transform_translate_phone=&#8221;0px|0px&#8221; transform_translate_last_edited=&#8221;on|desktop&#8221; transform_translate_linked=&#8221;off&#8221; transform_rotate_tablet=&#8221;&#8221; transform_rotate_phone=&#8221;&#8221; transform_rotate_last_edited=&#8221;on|desktop&#8221; transform_skew_tablet=&#8221;&#8221; transform_skew_phone=&#8221;&#8221; transform_skew_last_edited=&#8221;on|desktop&#8221; transform_origin_tablet=&#8221;&#8221; transform_origin_phone=&#8221;&#8221; transform_origin_last_edited=&#8221;on|desktop&#8221; transform_styles_last_edited=&#8221;on|desktop&#8221; max_height=&#8221;320px&#8221; custom_margin=&#8221;0px|0px|0px|0px|false|false&#8221; custom_padding=&#8221;0px||0px|0px|false|false&#8221; transform_styles_tablet=&#8221;&#8221; transform_styles_phone=&#8221;&#8221;][\/et_pb_image][\/et_pb_column][\/et_pb_row][\/et_pb_section]<\/p>\n","protected":false},"excerpt":{"rendered":"<p>UDVENDIG RENG\u00d8RING Vi tager os af reng\u00f8ring og vedligeholdelse af dine udend\u00f8rsfaciliteter som en del af individuelle aftaler eller langsigtede kontrakter. Uanset om der er tale om indk\u00f8rsler, offentlige rum, gangstier, haver eller bygningsv\u00e6gge \u2013 vi er din erfarne partner til alt reng\u00f8ringsarbejde udend\u00f8rs. Vores ydelser inden for ekstern reng\u00f8ring inkluderer ogs\u00e5 regelm\u00e6ssig kontrol og [&hellip;]<\/p>\n","protected":false},"author":1,"featured_media":0,"parent":0,"menu_order":0,"comment_status":"closed","ping_status":"closed","template":"","meta":{"_et_pb_use_builder":"on","_et_pb_old_content":"","_et_gb_content_width":""},"_links":{"self":[{"href":"https:\/\/objektservice-nord.de\/da\/wp-json\/wp\/v2\/pages\/1355"}],"collection":[{"href":"https:\/\/objektservice-nord.de\/da\/wp-json\/wp\/v2\/pages"}],"about":[{"href":"https:\/\/objektservice-nord.de\/da\/wp-json\/wp\/v2\/types\/page"}],"author":[{"embeddable":true,"href":"https:\/\/objektservice-nord.de\/da\/wp-json\/wp\/v2\/users\/1"}],"replies":[{"embeddable":true,"href":"https:\/\/objektservice-nord.de\/da\/wp-json\/wp\/v2\/comments?post=1355"}],"version-history":[{"count":0,"href":"https:\/\/objektservice-nord.de\/da\/wp-json\/wp\/v2\/pages\/1355\/revisions"}],"wp:attachment":[{"href":"https:\/\/objektservice-nord.de\/da\/wp-json\/wp\/v2\/media?parent=1355"}],"curies":[{"name":"wp","href":"https:\/\/api.w.org\/{rel}","templated":true}]}}